{"id":1980,"date":"2024-04-09T15:28:55","date_gmt":"2024-04-09T13:28:55","guid":{"rendered":"https:\/\/www.areagarden.be\/cookiebeleid\/"},"modified":"2026-01-13T13:58:07","modified_gmt":"2026-01-13T12:58:07","slug":"cookiebeleid","status":"publish","type":"page","link":"https:\/\/www.areagarden.be\/nl\/cookiebeleid\/","title":{"rendered":"Cookiebeleid"},"content":{"rendered":"\t\t<div data-elementor-type=\"wp-page\" data-elementor-id=\"1980\" class=\"elementor elementor-1980 elementor-34\" data-elementor-post-type=\"page\">\n\t\t\t\t<div class=\"elementor-element elementor-element-2b2b936c e-con-full e-flex e-con e-parent\" data-id=\"2b2b936c\" data-element_type=\"container\" data-settings=\"{&quot;jet_parallax_layout_list&quot;:[]}\">\n\t\t<div class=\"elementor-element elementor-element-19f9c919 e-con-full e-flex e-con e-child\" data-id=\"19f9c919\" data-element_type=\"container\" data-settings=\"{&quot;jet_parallax_layout_list&quot;:[]}\">\n\t\t\t\t<div class=\"elementor-element elementor-element-52cad60f elementor-widget elementor-widget-heading\" data-id=\"52cad60f\" data-element_type=\"widget\" data-widget_type=\"heading.default\">\n\t\t\t\t<div class=\"elementor-widget-container\">\n\t\t\t\t\t<h1 class=\"elementor-heading-title elementor-size-default\">Cookiebeleid<\/h1>\t\t\t\t<\/div>\n\t\t\t\t<\/div>\n\t\t\t\t<div class=\"elementor-element elementor-element-46a15e15 elementor-widget elementor-widget-heading\" data-id=\"46a15e15\" data-element_type=\"widget\" data-widget_type=\"heading.default\">\n\t\t\t\t<div class=\"elementor-widget-container\">\n\t\t\t\t\t<span class=\"elementor-heading-title elementor-size-default\">1. Wat is een cookie?<\/span>\t\t\t\t<\/div>\n\t\t\t\t<\/div>\n\t\t\t\t<div class=\"elementor-element elementor-element-54f61bc5 elementor-widget elementor-widget-text-editor\" data-id=\"54f61bc5\" data-element_type=\"widget\" data-widget_type=\"text-editor.default\">\n\t\t\t\t<div class=\"elementor-widget-container\">\n\t\t\t\t\t\t\t\t\t<p><span style=\"font-weight: 400;\">Cookies zijn kleine gegevens- of tekstbestanden die lokaal op uw computer of mobiele apparaat worden geplaatst door websites of applicaties. In deze kleine bestanden kunnen verschillende soorten informatie worden opgeslagen, zoals de keuze van uw taal voor een specifieke website, waardoor u bij uw volgende bezoek deze site direct in uw voorkeurstaal kunt zien. Dergelijke cookies kunnen verschillende doeleinden hebben.   <\/span><\/p><p><span style=\"font-weight: 400;\">De Belgische wet van 13 juni 2005 betreffende de elektronische communicatie bevat enkele bepalingen met betrekking tot cookies en het gebruik ervan op websites. De toepassing van de Belgische wet vloeit voort uit de Europese e-Privacyrichtlijn, wat impliceert dat het gebruik van cookies en de regelgeving ervan op nationaal niveau verschillen per Europees land dat de richtlijn in nationale wetgeving moet implementeren. <\/span><\/p><p><span style=\"font-weight: 400;\">De Breucker, Laurent (\u00ab <\/span><b>Wij\/we\/ons\/onze<\/b><span style=\"font-weight: 400;\"> \u00bb) is een onderneming die actief is op de Belgische markt en bijgevolg de Belgische en Europese wetgeving ter zake volgt.<\/span><\/p>\t\t\t\t\t\t\t\t<\/div>\n\t\t\t\t<\/div>\n\t\t\t\t<\/div>\n\t\t\t\t<\/div>\n\t\t<div class=\"elementor-element elementor-element-73d0366f e-con-full e-flex e-con e-parent\" data-id=\"73d0366f\" data-element_type=\"container\" data-settings=\"{&quot;jet_parallax_layout_list&quot;:[]}\">\n\t\t<div class=\"elementor-element elementor-element-4d4d0653 e-con-full e-flex e-con e-child\" data-id=\"4d4d0653\" data-element_type=\"container\" data-settings=\"{&quot;jet_parallax_layout_list&quot;:[]}\">\n\t\t\t\t<div class=\"elementor-element elementor-element-2c699108 elementor-widget elementor-widget-heading\" data-id=\"2c699108\" data-element_type=\"widget\" data-widget_type=\"heading.default\">\n\t\t\t\t<div class=\"elementor-widget-container\">\n\t\t\t\t\t<span class=\"elementor-heading-title elementor-size-default\">2. Wat zijn de verschillende soorten cookies?<\/span>\t\t\t\t<\/div>\n\t\t\t\t<\/div>\n\t\t\t\t<div class=\"elementor-element elementor-element-1cd71629 elementor-widget elementor-widget-text-editor\" data-id=\"1cd71629\" data-element_type=\"widget\" data-widget_type=\"text-editor.default\">\n\t\t\t\t<div class=\"elementor-widget-container\">\n\t\t\t\t\t\t\t\t\t<p><span style=\"font-weight: 400;\">Hieronder volgen de verschillende soorten cookies met een verschillend doel en nut:<\/span><\/p><ul><li style=\"font-weight: 400;\" aria-level=\"1\"><span style=\"font-weight: 400;\">De noodzakelijke cookies: Deze cookies zijn nodig om u een goed bezoek en gebruik van onze website mogelijk te maken. Hierdoor kunt u bijvoorbeeld formulieren invullen.  <\/span><\/li><li style=\"font-weight: 400;\" aria-level=\"1\"><span style=\"font-weight: 400;\">De functionele cookies: Functionele cookies zijn bedoeld om de werking van onze website te vergemakkelijken door het bezoek aangenamer te maken voor de gebruiker en uw ervaring te personaliseren. Concreet kan dit zich vertalen in cookies die uw taalkeuze of uw persoonlijke accountinstellingen onthouden.  <\/span><\/li><li style=\"font-weight: 400;\" aria-level=\"1\"><span style=\"font-weight: 400;\">De analytische cookies: Deze analytische cookies verzamelen gegevens over het gebruik van onze website door bezoekers, om uw bezoek- en gebruikservaring voortdurend te verbeteren voor een optimale ervaring. <\/span><\/li><li style=\"font-weight: 400;\" aria-level=\"1\"><span style=\"font-weight: 400;\">De commerci\u00eble cookies: Commerci\u00eble cookies verzamelen gegevens over surfgedrag om u gepersonaliseerde inhoud en advertenties aan te bieden die voor u interessant kunnen zijn. Via deze cookies kunnen advertenties voor producten en diensten worden aangeboden op basis van uw interesses.  <\/span><\/li><\/ul>\t\t\t\t\t\t\t\t<\/div>\n\t\t\t\t<\/div>\n\t\t\t\t<\/div>\n\t\t\t\t<\/div>\n\t\t<div class=\"elementor-element elementor-element-450a93fd e-con-full e-flex e-con e-parent\" data-id=\"450a93fd\" data-element_type=\"container\" data-settings=\"{&quot;jet_parallax_layout_list&quot;:[]}\">\n\t\t<div class=\"elementor-element elementor-element-3edefa2f e-con-full e-flex e-con e-child\" data-id=\"3edefa2f\" data-element_type=\"container\" data-settings=\"{&quot;jet_parallax_layout_list&quot;:[]}\">\n\t\t\t\t<div class=\"elementor-element elementor-element-11645105 elementor-widget elementor-widget-heading\" data-id=\"11645105\" data-element_type=\"widget\" data-widget_type=\"heading.default\">\n\t\t\t\t<div class=\"elementor-widget-container\">\n\t\t\t\t\t<span class=\"elementor-heading-title elementor-size-default\">3. Wie kan deze verschillende cookies installeren?<\/span>\t\t\t\t<\/div>\n\t\t\t\t<\/div>\n\t\t\t\t<div class=\"elementor-element elementor-element-2363c87c elementor-widget elementor-widget-text-editor\" data-id=\"2363c87c\" data-element_type=\"widget\" data-widget_type=\"text-editor.default\">\n\t\t\t\t<div class=\"elementor-widget-container\">\n\t\t\t\t\t\t\t\t\t<p><span style=\"font-weight: 400;\">De first-party cookies: deze cookies worden door ons beheerd en ge\u00efnstalleerd en zijn specifiek gerelateerd aan onze website. <\/span><\/p><p><span style=\"font-weight: 400;\">De third-party cookies: deze cookies worden beheerd en ge\u00efnstalleerd door derden en zorgen ervoor dat bepaalde navigatie-informatie op onze website naar derden wordt verzonden, zoals onze partners. <\/span><\/p>\t\t\t\t\t\t\t\t<\/div>\n\t\t\t\t<\/div>\n\t\t\t\t<\/div>\n\t\t\t\t<\/div>\n\t\t<div class=\"elementor-element elementor-element-51c5d701 e-con-full e-flex e-con e-parent\" data-id=\"51c5d701\" data-element_type=\"container\" data-settings=\"{&quot;jet_parallax_layout_list&quot;:[]}\">\n\t\t<div class=\"elementor-element elementor-element-666768 e-con-full e-flex e-con e-child\" data-id=\"666768\" data-element_type=\"container\" data-settings=\"{&quot;jet_parallax_layout_list&quot;:[]}\">\n\t\t\t\t<div class=\"elementor-element elementor-element-3a481e1d elementor-widget elementor-widget-heading\" data-id=\"3a481e1d\" data-element_type=\"widget\" data-widget_type=\"heading.default\">\n\t\t\t\t<div class=\"elementor-widget-container\">\n\t\t\t\t\t<span class=\"elementor-heading-title elementor-size-default\">4. Hoe lang worden cookies bewaard?<\/span>\t\t\t\t<\/div>\n\t\t\t\t<\/div>\n\t\t\t\t<div class=\"elementor-element elementor-element-4171cb67 elementor-widget elementor-widget-text-editor\" data-id=\"4171cb67\" data-element_type=\"widget\" data-widget_type=\"text-editor.default\">\n\t\t\t\t<div class=\"elementor-widget-container\">\n\t\t\t\t\t\t\t\t\t<p><span style=\"font-weight: 400;\">Cookies hebben over het algemeen een vervaldatum die kan vari\u00ebren afhankelijk van hun nut. <\/span><\/p><p><span style=\"font-weight: 400;\">De tijdelijke cookies: sommige cookies (de sessiecookies) worden tijdelijk opgeslagen in uw browser of applicatie en worden verwijderd zodra u uw browser\/applicatie sluit. <\/span><\/p><p><span style=\"font-weight: 400;\">De permanente cookies: andere cookies worden langer op uw apparaat bewaard. Sommige kunnen worden bewaard tot een vooraf bepaalde datum of handmatige tussenkomst om ze te verwijderen. Het zijn deze permanente cookies die ons in staat stellen u te herkennen bij uw volgende bezoek.   <\/span><\/p>\t\t\t\t\t\t\t\t<\/div>\n\t\t\t\t<\/div>\n\t\t\t\t<\/div>\n\t\t\t\t<\/div>\n\t\t<div class=\"elementor-element elementor-element-52c7a91b e-con-full e-flex e-con e-parent\" data-id=\"52c7a91b\" data-element_type=\"container\" data-settings=\"{&quot;jet_parallax_layout_list&quot;:[]}\">\n\t\t<div class=\"elementor-element elementor-element-49d800ba e-con-full e-flex e-con e-child\" data-id=\"49d800ba\" data-element_type=\"container\" data-settings=\"{&quot;jet_parallax_layout_list&quot;:[]}\">\n\t\t\t\t<div class=\"elementor-element elementor-element-6e4f10f7 elementor-widget elementor-widget-heading\" data-id=\"6e4f10f7\" data-element_type=\"widget\" data-widget_type=\"heading.default\">\n\t\t\t\t<div class=\"elementor-widget-container\">\n\t\t\t\t\t<span class=\"elementor-heading-title elementor-size-default\">5. Wat is het nut van cookies?<\/span>\t\t\t\t<\/div>\n\t\t\t\t<\/div>\n\t\t\t\t<div class=\"elementor-element elementor-element-7763e02d elementor-widget elementor-widget-text-editor\" data-id=\"7763e02d\" data-element_type=\"widget\" data-widget_type=\"text-editor.default\">\n\t\t\t\t<div class=\"elementor-widget-container\">\n\t\t\t\t\t\t\t\t\t<p><span style=\"font-weight: 400;\">De Breucker, Laurent wil u zo nauwkeurig mogelijk informeren over de regels rond het gebruik van cookies en de soorten cookies die het op haar site gebruikt. Cookies helpen De Breucker, Laurent om uw bezoek aan haar website te optimaliseren, uw technische keuzes te onthouden (zoals een taalkeuze, een nieuwsbrief, enz.) en u aanbiedingen en diensten aan te bieden die steeds beter zijn afgestemd op uw behoeften. <\/span><\/p><p><span style=\"font-weight: 400;\">Om de website van De Breucker, Laurent te kunnen gebruiken, is het aan te raden om cookies in te schakelen. Als cookies zijn uitgeschakeld, kunnen we mogelijk niet garanderen dat uw bezoek aan onze site vrij is van technische problemen. U bent echter altijd vrij om cookies uit te schakelen als u dat wilt.  <\/span><\/p><p><span style=\"font-weight: 400;\">Wij gebruiken cookies om uw bezoek aan en uw gebruik van onze website te verbeteren. De cookies die wij gebruiken zijn veilig. De informatie die we verzamelen met behulp van cookies helpt ons om eventuele fouten op onze website te identificeren en u specifieke en gepersonaliseerde diensten aan te bieden die ons waarschijnlijk interessant lijken voor u.  <\/span><\/p>\t\t\t\t\t\t\t\t<\/div>\n\t\t\t\t<\/div>\n\t\t\t\t<\/div>\n\t\t\t\t<\/div>\n\t\t<div class=\"elementor-element elementor-element-12f59b04 e-con-full e-flex e-con e-parent\" data-id=\"12f59b04\" data-element_type=\"container\" data-settings=\"{&quot;jet_parallax_layout_list&quot;:[]}\">\n\t\t<div class=\"elementor-element elementor-element-1d3bf9f9 e-con-full e-flex e-con e-child\" data-id=\"1d3bf9f9\" data-element_type=\"container\" data-settings=\"{&quot;jet_parallax_layout_list&quot;:[]}\">\n\t\t\t\t<div class=\"elementor-element elementor-element-3b7f6b8d elementor-widget elementor-widget-heading\" data-id=\"3b7f6b8d\" data-element_type=\"widget\" data-widget_type=\"heading.default\">\n\t\t\t\t<div class=\"elementor-widget-container\">\n\t\t\t\t\t<span class=\"elementor-heading-title elementor-size-default\">6. Hoe de ge\u00efnstalleerde cookies beheren\/verwijderen?<\/span>\t\t\t\t<\/div>\n\t\t\t\t<\/div>\n\t\t\t\t<div class=\"elementor-element elementor-element-1f908412 elementor-widget elementor-widget-text-editor\" data-id=\"1f908412\" data-element_type=\"widget\" data-widget_type=\"text-editor.default\">\n\t\t\t\t<div class=\"elementor-widget-container\">\n\t\t\t\t\t\t\t\t\t<p><span style=\"font-weight: 400;\">U kunt op elk moment de installatie van cookies raadplegen, uitzonderingen cre\u00ebren of weigeren via de instellingen van uw browser. Het verwijderen van ge\u00efnstalleerde cookies gebeurt ook via de instellingen van uw browser. Volg hiervoor de stappen op de volgende links:  <\/span><\/p><ul><li style=\"font-weight: 400;\" aria-level=\"1\"><span style=\"font-weight: 400;\">Internet Explorer: <\/span><a href=\"https:\/\/support.microsoft.com\/fr-fr\/help\/17442\/windows-internet-explorer-delete-manage-cookies\"><span style=\"font-weight: 400;\">https:\/\/support.microsoft.com\/fr-fr\/help\/17442\/windows-internet-explorer-delete-manage-cookies<\/span><\/a><span style=\"font-weight: 400;\">  <\/span><\/li><li style=\"font-weight: 400;\" aria-level=\"1\"><span style=\"font-weight: 400;\">Google Chrome: <\/span><a href=\"https:\/\/support.google.com\/chrome\/answer\/95647?hl=fr\"><span style=\"font-weight: 400;\">https:\/\/support.google.com\/chrome\/answer\/95647?hl=fr<\/span><\/a><span style=\"font-weight: 400;\"> <\/span><\/li><li style=\"font-weight: 400;\" aria-level=\"1\"><span style=\"font-weight: 400;\">Firefox: <\/span><a href=\"https:\/\/support.mozilla.org\/fr\/kb\/activer-desactiver-cookies-preferences\"><span style=\"font-weight: 400;\">https:\/\/support.mozilla.org\/fr\/kb\/activer-desactiver-cookies-preferences<\/span><\/a><span style=\"font-weight: 400;\"> <\/span><\/li><li style=\"font-weight: 400;\" aria-level=\"1\"><span style=\"font-weight: 400;\">Safari (iOS): <\/span><a href=\"https:\/\/support.apple.com\/fr-be\/HT201265\"><span style=\"font-weight: 400;\">https:\/\/support.apple.com\/fr-be\/HT201265<\/span><\/a><span style=\"font-weight: 400;\"> <\/span><\/li><li style=\"font-weight: 400;\" aria-level=\"1\"><span style=\"font-weight: 400;\">Safari (MacOS): <\/span><a href=\"https:\/\/support.apple.com\/fr-be\/guide\/safari\/sfri11471\/mac\"><span style=\"font-weight: 400;\">https:\/\/support.apple.com\/fr-be\/guide\/safari\/sfri11471\/mac<\/span><\/a><span style=\"font-weight: 400;\">  <\/span><\/li><\/ul><p><span style=\"font-weight: 400;\"><br>Als u commerci\u00eble cookies wilt weigeren, kunt u dit doen door de stappen te volgen op de website: <\/span><a href=\"https:\/\/www.youronlinechoices.com\/\"><span style=\"font-weight: 400;\">https:\/\/www.youronlinechoices.com\/<\/span><\/a><\/p>\t\t\t\t\t\t\t\t<\/div>\n\t\t\t\t<\/div>\n\t\t\t\t<\/div>\n\t\t\t\t<\/div>\n\t\t\t\t<section class=\"elementor-section elementor-top-section elementor-element elementor-element-1822a1c4 elementor-section-boxed elementor-section-height-default elementor-section-height-default\" data-id=\"1822a1c4\" data-element_type=\"section\" data-settings=\"{&quot;jet_parallax_layout_list&quot;:[]}\">\n\t\t\t\t\t\t<div class=\"elementor-container elementor-column-gap-default\">\n\t\t\t\t\t<div class=\"elementor-column elementor-col-100 elementor-top-column elementor-element elementor-element-2619098f\" data-id=\"2619098f\" data-element_type=\"column\">\n\t\t\t<div class=\"elementor-widget-wrap elementor-element-populated\">\n\t\t\t\t\t\t<div class=\"elementor-element elementor-element-2e323cf3 elementor-widget elementor-widget-spacer\" data-id=\"2e323cf3\" data-element_type=\"widget\" data-widget_type=\"spacer.default\">\n\t\t\t\t<div class=\"elementor-widget-container\">\n\t\t\t\t\t\t\t<div class=\"elementor-spacer\">\n\t\t\t<div class=\"elementor-spacer-inner\"><\/div>\n\t\t<\/div>\n\t\t\t\t\t\t<\/div>\n\t\t\t\t<\/div>\n\t\t\t\t\t<\/div>\n\t\t<\/div>\n\t\t\t\t\t<\/div>\n\t\t<\/section>\n\t\t\t\t<\/div>\n\t\t","protected":false},"excerpt":{"rendered":"<p>Cookiebeleid 1. Wat is een cookie? Cookies zijn kleine gegevens- of tekstbestanden die lokaal op uw computer of mobiele apparaat worden geplaatst door websites of applicaties. In deze kleine bestanden kunnen verschillende soorten informatie worden opgeslagen, zoals de keuze van uw taal voor een specifieke website, waardoor u bij uw volgende bezoek deze site direct [&hellip;]<\/p>\n","protected":false},"author":1,"featured_media":0,"parent":0,"menu_order":0,"comment_status":"closed","ping_status":"closed","template":"","meta":{"footnotes":""},"class_list":["post-1980","page","type-page","status-publish","hentry"],"yoast_head":"<!-- This site is optimized with the Yoast SEO plugin v26.7 - https:\/\/yoast.com\/wordpress\/plugins\/seo\/ -->\n<title>Cookiebeleid - Area Garden<\/title>\n<meta name=\"robots\" content=\"noindex, follow\" \/>\n<meta property=\"og:locale\" content=\"nl_NL\" \/>\n<meta property=\"og:type\" content=\"article\" \/>\n<meta property=\"og:title\" content=\"Cookiebeleid - Area Garden\" \/>\n<meta property=\"og:description\" content=\"Cookiebeleid 1. Wat is een cookie? Cookies zijn kleine gegevens- of tekstbestanden die lokaal op uw computer of mobiele apparaat worden geplaatst door websites of applicaties. In deze kleine bestanden kunnen verschillende soorten informatie worden opgeslagen, zoals de keuze van uw taal voor een specifieke website, waardoor u bij uw volgende bezoek deze site direct [&hellip;]\" \/>\n<meta property=\"og:url\" content=\"https:\/\/www.areagarden.be\/nl\/cookiebeleid\/\" \/>\n<meta property=\"og:site_name\" content=\"Area Garden\" \/>\n<meta property=\"article:modified_time\" content=\"2026-01-13T12:58:07+00:00\" \/>\n<meta name=\"twitter:card\" content=\"summary_large_image\" \/>\n<meta name=\"twitter:label1\" content=\"Geschatte leestijd\" \/>\n\t<meta name=\"twitter:data1\" content=\"4 minuten\" \/>\n<script type=\"application\/ld+json\" class=\"yoast-schema-graph\">{\"@context\":\"https:\/\/schema.org\",\"@graph\":[{\"@type\":\"WebPage\",\"@id\":\"https:\/\/www.areagarden.be\/nl\/cookiebeleid\/\",\"url\":\"https:\/\/www.areagarden.be\/nl\/cookiebeleid\/\",\"name\":\"Cookiebeleid - Area Garden\",\"isPartOf\":{\"@id\":\"https:\/\/www.areagarden.be\/nl\/#website\"},\"datePublished\":\"2024-04-09T13:28:55+00:00\",\"dateModified\":\"2026-01-13T12:58:07+00:00\",\"breadcrumb\":{\"@id\":\"https:\/\/www.areagarden.be\/nl\/cookiebeleid\/#breadcrumb\"},\"inLanguage\":\"nl-NL\",\"potentialAction\":[{\"@type\":\"ReadAction\",\"target\":[\"https:\/\/www.areagarden.be\/nl\/cookiebeleid\/\"]}]},{\"@type\":\"BreadcrumbList\",\"@id\":\"https:\/\/www.areagarden.be\/nl\/cookiebeleid\/#breadcrumb\",\"itemListElement\":[{\"@type\":\"ListItem\",\"position\":1,\"name\":\"Accueil\",\"item\":\"https:\/\/www.areagarden.be\/nl\/\"},{\"@type\":\"ListItem\",\"position\":2,\"name\":\"Cookiebeleid\"}]},{\"@type\":\"WebSite\",\"@id\":\"https:\/\/www.areagarden.be\/nl\/#website\",\"url\":\"https:\/\/www.areagarden.be\/nl\/\",\"name\":\"Area Garden\",\"description\":\"Votre sp\u00e9cialiste en \u00e9nergies renouvelables \u00e0 Bruxelles et dans le Brabant wallon\",\"publisher\":{\"@id\":\"https:\/\/www.areagarden.be\/nl\/#organization\"},\"potentialAction\":[{\"@type\":\"SearchAction\",\"target\":{\"@type\":\"EntryPoint\",\"urlTemplate\":\"https:\/\/www.areagarden.be\/nl\/?s={search_term_string}\"},\"query-input\":{\"@type\":\"PropertyValueSpecification\",\"valueRequired\":true,\"valueName\":\"search_term_string\"}}],\"inLanguage\":\"nl-NL\"},{\"@type\":\"Organization\",\"@id\":\"https:\/\/www.areagarden.be\/nl\/#organization\",\"name\":\"Area Garden\",\"url\":\"https:\/\/www.areagarden.be\/nl\/\",\"logo\":{\"@type\":\"ImageObject\",\"inLanguage\":\"nl-NL\",\"@id\":\"https:\/\/www.areagarden.be\/nl\/#\/schema\/logo\/image\/\",\"url\":\"https:\/\/www.areagarden.be\/wp-content\/uploads\/2024\/04\/Area-Garden-Logo.webp\",\"contentUrl\":\"https:\/\/www.areagarden.be\/wp-content\/uploads\/2024\/04\/Area-Garden-Logo.webp\",\"width\":1000,\"height\":566,\"caption\":\"Area Garden\"},\"image\":{\"@id\":\"https:\/\/www.areagarden.be\/nl\/#\/schema\/logo\/image\/\"}}]}<\/script>\n<!-- \/ Yoast SEO plugin. -->","yoast_head_json":{"title":"Cookiebeleid - Area Garden","robots":{"index":"noindex","follow":"follow"},"og_locale":"nl_NL","og_type":"article","og_title":"Cookiebeleid - Area Garden","og_description":"Cookiebeleid 1. Wat is een cookie? Cookies zijn kleine gegevens- of tekstbestanden die lokaal op uw computer of mobiele apparaat worden geplaatst door websites of applicaties. In deze kleine bestanden kunnen verschillende soorten informatie worden opgeslagen, zoals de keuze van uw taal voor een specifieke website, waardoor u bij uw volgende bezoek deze site direct [&hellip;]","og_url":"https:\/\/www.areagarden.be\/nl\/cookiebeleid\/","og_site_name":"Area Garden","article_modified_time":"2026-01-13T12:58:07+00:00","twitter_card":"summary_large_image","twitter_misc":{"Geschatte leestijd":"4 minuten"},"schema":{"@context":"https:\/\/schema.org","@graph":[{"@type":"WebPage","@id":"https:\/\/www.areagarden.be\/nl\/cookiebeleid\/","url":"https:\/\/www.areagarden.be\/nl\/cookiebeleid\/","name":"Cookiebeleid - Area Garden","isPartOf":{"@id":"https:\/\/www.areagarden.be\/nl\/#website"},"datePublished":"2024-04-09T13:28:55+00:00","dateModified":"2026-01-13T12:58:07+00:00","breadcrumb":{"@id":"https:\/\/www.areagarden.be\/nl\/cookiebeleid\/#breadcrumb"},"inLanguage":"nl-NL","potentialAction":[{"@type":"ReadAction","target":["https:\/\/www.areagarden.be\/nl\/cookiebeleid\/"]}]},{"@type":"BreadcrumbList","@id":"https:\/\/www.areagarden.be\/nl\/cookiebeleid\/#breadcrumb","itemListElement":[{"@type":"ListItem","position":1,"name":"Accueil","item":"https:\/\/www.areagarden.be\/nl\/"},{"@type":"ListItem","position":2,"name":"Cookiebeleid"}]},{"@type":"WebSite","@id":"https:\/\/www.areagarden.be\/nl\/#website","url":"https:\/\/www.areagarden.be\/nl\/","name":"Area Garden","description":"Votre sp\u00e9cialiste en \u00e9nergies renouvelables \u00e0 Bruxelles et dans le Brabant wallon","publisher":{"@id":"https:\/\/www.areagarden.be\/nl\/#organization"},"potentialAction":[{"@type":"SearchAction","target":{"@type":"EntryPoint","urlTemplate":"https:\/\/www.areagarden.be\/nl\/?s={search_term_string}"},"query-input":{"@type":"PropertyValueSpecification","valueRequired":true,"valueName":"search_term_string"}}],"inLanguage":"nl-NL"},{"@type":"Organization","@id":"https:\/\/www.areagarden.be\/nl\/#organization","name":"Area Garden","url":"https:\/\/www.areagarden.be\/nl\/","logo":{"@type":"ImageObject","inLanguage":"nl-NL","@id":"https:\/\/www.areagarden.be\/nl\/#\/schema\/logo\/image\/","url":"https:\/\/www.areagarden.be\/wp-content\/uploads\/2024\/04\/Area-Garden-Logo.webp","contentUrl":"https:\/\/www.areagarden.be\/wp-content\/uploads\/2024\/04\/Area-Garden-Logo.webp","width":1000,"height":566,"caption":"Area Garden"},"image":{"@id":"https:\/\/www.areagarden.be\/nl\/#\/schema\/logo\/image\/"}}]}},"_links":{"self":[{"href":"https:\/\/www.areagarden.be\/nl\/wp-json\/wp\/v2\/pages\/1980","targetHints":{"allow":["GET"]}}],"collection":[{"href":"https:\/\/www.areagarden.be\/nl\/wp-json\/wp\/v2\/pages"}],"about":[{"href":"https:\/\/www.areagarden.be\/nl\/wp-json\/wp\/v2\/types\/page"}],"author":[{"embeddable":true,"href":"https:\/\/www.areagarden.be\/nl\/wp-json\/wp\/v2\/users\/1"}],"replies":[{"embeddable":true,"href":"https:\/\/www.areagarden.be\/nl\/wp-json\/wp\/v2\/comments?post=1980"}],"version-history":[{"count":3,"href":"https:\/\/www.areagarden.be\/nl\/wp-json\/wp\/v2\/pages\/1980\/revisions"}],"predecessor-version":[{"id":2062,"href":"https:\/\/www.areagarden.be\/nl\/wp-json\/wp\/v2\/pages\/1980\/revisions\/2062"}],"wp:attachment":[{"href":"https:\/\/www.areagarden.be\/nl\/wp-json\/wp\/v2\/media?parent=1980"}],"curies":[{"name":"wp","href":"https:\/\/api.w.org\/{rel}","templated":true}]}}